{"id":226,"date":"2019-03-24T22:50:56","date_gmt":"2019-03-24T21:50:56","guid":{"rendered":"https:\/\/tropicalgardenhouse.com\/ochrana-osobnich-udaju\/"},"modified":"2020-02-21T13:18:46","modified_gmt":"2020-02-21T12:18:46","slug":"datenschutzerklaerung","status":"publish","type":"page","link":"https:\/\/tropicalgardenhouse.com\/de\/datenschutzerklaerung\/","title":{"rendered":"Datenschutzerkl\u00e4rung"},"content":{"rendered":"<ol class=\"ochrana\">\r\n<li>Beta Property I, LLC mit Sitz in 837 W Dakin St., Chicago, IL 60613, verarbeiten im Falle Ihrer Nachfrage nach Dienstleistungen personenbezogene Daten gem\u00e4\u00df Artikel 26 der Verordnung (EU) Nr. 2016\/679 des Europ\u00e4ischen Parlaments und des Rates zum Schutz des Einzelnen bei der Verarbeitung personenbezogener Daten und zum freien Datenverkehr sowie zur Aufhebung der Richtlinie 95\/46 \/ EG (Allgemeine Verordnung zum Schutz personenbezogener Daten), die folgenden pers\u00f6nlichen Daten:\r\n<ol>\r\n<li>Vor- und Nachname<\/li>\r\n<li>E-Mail Adresse<\/li>\r\n<li>Text der Nachricht.<\/li>\r\n<\/ol>\r\n<\/li>\r\n<li>Der Vor- und Nachname sowie die E-Mail-Adresse m\u00fcssen verarbeitet werden, um ein Serviceangebot zu erstellen, dieses Angebot auszuhandeln oder Ihre Frage zu beantworten. Artikel 6 Absatz 1 b) Verordnung sieht eine solche Verarbeitung vor. Diese personenbezogenen Daten werden von Beta Property I, LLC f\u00fcr die Dauer der Verhandlungen \u00fcber Ihre Nutzung unserer Dienste zwischen Ihnen und Beta Property I, LLC, maximal 2 Jahre nach Ihrer Anfrage, bearbeitet, es sei denn, Sie stimmen einer weiteren Verarbeitung zu.<\/li>\r\n<li>Die Verarbeitung personenbezogener Daten erfolgt durch den Administrator und m\u00f6glicherweise andere Anbieter von Verarbeitungssoftware, -diensten und -anwendungen, die derzeit von den gemeinsamen Administratoren nicht verwendet werden.<\/li>\r\n<li>Bitte beachten Sie, dass Sie gem\u00e4\u00df der Verordnung folgende Rechte haben:\r\n<ol>\r\n<li>Anforderung Ihrerseits, welche Informationen wir f\u00fcr Ihre personenbezogenen Daten verarbeiten, oder Anforderung einer Kopie dieser personenbezogenen Daten,<\/li>\r\n<li>Anforderung f\u00fcr den Zugriff auf diese Daten und deren Aktualisierungen, Korrekturen oder Verarbeitungsbeschr\u00e4nkungen,<\/li>\r\n<li>Anforderung diese pers\u00f6nlichen Daten zu l\u00f6schen. Diese L\u00f6schung f\u00fchrt jedoch zur Beendigung Ihrer Nutzung unserer Dienste und erfolgt nur, wenn die Interessen der gemeinsamen Administratoren Ihre Privatsph\u00e4re nicht \u00fcberwiegen,<\/li>\r\n<li>die Portabilit\u00e4t von Daten bei der automatisierten Verarbeitung,<\/li>\r\n<li>wirksamer gerichtlicher Schutz, wenn Sie der Ansicht sind, dass Ihre Rechte aus der Verordnung infolge der Verarbeitung Ihrer personenbezogenen Daten unter Versto\u00df gegen diese Verordnung verletzt wurden,<\/li>\r\n<li>Einreichen einer Beschwerde beim Amt f\u00fcr den Schutz personenbezogener Daten.<\/li>\r\n<\/ol>\r\n<\/li>\r\n<\/ol>\r\n<p><\/p>\r\n<!-- \/wp:post-content --><!-- \/wp:freeform -->","protected":false},"excerpt":{"rendered":"<p>Beta Property I, LLC mit Sitz in 837 W Dakin St., Chicago, IL 60613, verarbeiten im Falle Ihrer Nachfrage nach Dienstleistungen personenbezogene Daten gem\u00e4\u00df Artikel 26 der Verordnung (EU) Nr. 2016\/679 des Europ\u00e4ischen Parlaments und des Rates zum Schutz des Einzelnen bei der Verarbeitung personenbezogener Daten und zum freien Datenverkehr sowie zur Aufhebung der Richtlinie [&hellip;]<\/p>\n","protected":false},"author":1,"featured_media":0,"parent":0,"menu_order":0,"comment_status":"closed","ping_status":"open","template":"","meta":{"_acf_changed":false,"footnotes":""},"class_list":["post-226","page","type-page","status-publish","hentry"],"acf":[],"yoast_head":"<!-- This site is optimized with the Yoast SEO plugin v27.4 - https:\/\/yoast.com\/product\/yoast-seo-wordpress\/ -->\n<title>Datenschutzerkl\u00e4rung - Tropical Garden House<\/title>\n<meta name=\"robots\" content=\"index, follow, max-snippet:-1, max-image-preview:large, max-video-preview:-1\" \/>\n<link rel=\"canonical\" href=\"https:\/\/tropicalgardenhouse.com\/de\/datenschutzerklaerung\/\" \/>\n<meta property=\"og:locale\" content=\"de_DE\" \/>\n<meta property=\"og:type\" content=\"article\" \/>\n<meta property=\"og:title\" content=\"Datenschutzerkl\u00e4rung - Tropical Garden House\" \/>\n<meta property=\"og:description\" content=\"Beta Property I, LLC mit Sitz in 837 W Dakin St., Chicago, IL 60613, verarbeiten im Falle Ihrer Nachfrage nach Dienstleistungen personenbezogene Daten gem\u00e4\u00df Artikel 26 der Verordnung (EU) Nr. 2016\/679 des Europ\u00e4ischen Parlaments und des Rates zum Schutz des Einzelnen bei der Verarbeitung personenbezogener Daten und zum freien Datenverkehr sowie zur Aufhebung der Richtlinie [&hellip;]\" \/>\n<meta property=\"og:url\" content=\"https:\/\/tropicalgardenhouse.com\/de\/datenschutzerklaerung\/\" \/>\n<meta property=\"og:site_name\" content=\"Tropical Garden House\" \/>\n<meta property=\"article:modified_time\" content=\"2020-02-21T12:18:46+00:00\" \/>\n<meta name=\"twitter:card\" content=\"summary_large_image\" \/>\n<meta name=\"twitter:label1\" content=\"Gesch\u00e4tzte Lesezeit\" \/>\n\t<meta name=\"twitter:data1\" content=\"1\u00a0Minute\" \/>\n<script type=\"application\/ld+json\" class=\"yoast-schema-graph\">{\"@context\":\"https:\\\/\\\/schema.org\",\"@graph\":[{\"@type\":\"WebPage\",\"@id\":\"https:\\\/\\\/tropicalgardenhouse.com\\\/de\\\/datenschutzerklaerung\\\/\",\"url\":\"https:\\\/\\\/tropicalgardenhouse.com\\\/de\\\/datenschutzerklaerung\\\/\",\"name\":\"Datenschutzerkl\u00e4rung - Tropical Garden House\",\"isPartOf\":{\"@id\":\"https:\\\/\\\/tropicalgardenhouse.com\\\/#website\"},\"datePublished\":\"2019-03-24T21:50:56+00:00\",\"dateModified\":\"2020-02-21T12:18:46+00:00\",\"breadcrumb\":{\"@id\":\"https:\\\/\\\/tropicalgardenhouse.com\\\/de\\\/datenschutzerklaerung\\\/#breadcrumb\"},\"inLanguage\":\"de\",\"potentialAction\":[{\"@type\":\"ReadAction\",\"target\":[\"https:\\\/\\\/tropicalgardenhouse.com\\\/de\\\/datenschutzerklaerung\\\/\"]}]},{\"@type\":\"BreadcrumbList\",\"@id\":\"https:\\\/\\\/tropicalgardenhouse.com\\\/de\\\/datenschutzerklaerung\\\/#breadcrumb\",\"itemListElement\":[{\"@type\":\"ListItem\",\"position\":1,\"name\":\"Dom\u016f\",\"item\":\"https:\\\/\\\/tropicalgardenhouse.com\\\/de\\\/\"},{\"@type\":\"ListItem\",\"position\":2,\"name\":\"Datenschutzerkl\u00e4rung\"}]},{\"@type\":\"WebSite\",\"@id\":\"https:\\\/\\\/tropicalgardenhouse.com\\\/#website\",\"url\":\"https:\\\/\\\/tropicalgardenhouse.com\\\/\",\"name\":\"Tropical Garden House\",\"description\":\"\",\"potentialAction\":[{\"@type\":\"SearchAction\",\"target\":{\"@type\":\"EntryPoint\",\"urlTemplate\":\"https:\\\/\\\/tropicalgardenhouse.com\\\/?s={search_term_string}\"},\"query-input\":{\"@type\":\"PropertyValueSpecification\",\"valueRequired\":true,\"valueName\":\"search_term_string\"}}],\"inLanguage\":\"de\"}]}<\/script>\n<!-- \/ Yoast SEO plugin. -->","yoast_head_json":{"title":"Datenschutzerkl\u00e4rung - Tropical Garden House","robots":{"index":"index","follow":"follow","max-snippet":"max-snippet:-1","max-image-preview":"max-image-preview:large","max-video-preview":"max-video-preview:-1"},"canonical":"https:\/\/tropicalgardenhouse.com\/de\/datenschutzerklaerung\/","og_locale":"de_DE","og_type":"article","og_title":"Datenschutzerkl\u00e4rung - Tropical Garden House","og_description":"Beta Property I, LLC mit Sitz in 837 W Dakin St., Chicago, IL 60613, verarbeiten im Falle Ihrer Nachfrage nach Dienstleistungen personenbezogene Daten gem\u00e4\u00df Artikel 26 der Verordnung (EU) Nr. 2016\/679 des Europ\u00e4ischen Parlaments und des Rates zum Schutz des Einzelnen bei der Verarbeitung personenbezogener Daten und zum freien Datenverkehr sowie zur Aufhebung der Richtlinie [&hellip;]","og_url":"https:\/\/tropicalgardenhouse.com\/de\/datenschutzerklaerung\/","og_site_name":"Tropical Garden House","article_modified_time":"2020-02-21T12:18:46+00:00","twitter_card":"summary_large_image","twitter_misc":{"Gesch\u00e4tzte Lesezeit":"1\u00a0Minute"},"schema":{"@context":"https:\/\/schema.org","@graph":[{"@type":"WebPage","@id":"https:\/\/tropicalgardenhouse.com\/de\/datenschutzerklaerung\/","url":"https:\/\/tropicalgardenhouse.com\/de\/datenschutzerklaerung\/","name":"Datenschutzerkl\u00e4rung - Tropical Garden House","isPartOf":{"@id":"https:\/\/tropicalgardenhouse.com\/#website"},"datePublished":"2019-03-24T21:50:56+00:00","dateModified":"2020-02-21T12:18:46+00:00","breadcrumb":{"@id":"https:\/\/tropicalgardenhouse.com\/de\/datenschutzerklaerung\/#breadcrumb"},"inLanguage":"de","potentialAction":[{"@type":"ReadAction","target":["https:\/\/tropicalgardenhouse.com\/de\/datenschutzerklaerung\/"]}]},{"@type":"BreadcrumbList","@id":"https:\/\/tropicalgardenhouse.com\/de\/datenschutzerklaerung\/#breadcrumb","itemListElement":[{"@type":"ListItem","position":1,"name":"Dom\u016f","item":"https:\/\/tropicalgardenhouse.com\/de\/"},{"@type":"ListItem","position":2,"name":"Datenschutzerkl\u00e4rung"}]},{"@type":"WebSite","@id":"https:\/\/tropicalgardenhouse.com\/#website","url":"https:\/\/tropicalgardenhouse.com\/","name":"Tropical Garden House","description":"","potentialAction":[{"@type":"SearchAction","target":{"@type":"EntryPoint","urlTemplate":"https:\/\/tropicalgardenhouse.com\/?s={search_term_string}"},"query-input":{"@type":"PropertyValueSpecification","valueRequired":true,"valueName":"search_term_string"}}],"inLanguage":"de"}]}},"_links":{"self":[{"href":"https:\/\/tropicalgardenhouse.com\/de\/wp-json\/wp\/v2\/pages\/226","targetHints":{"allow":["GET"]}}],"collection":[{"href":"https:\/\/tropicalgardenhouse.com\/de\/wp-json\/wp\/v2\/pages"}],"about":[{"href":"https:\/\/tropicalgardenhouse.com\/de\/wp-json\/wp\/v2\/types\/page"}],"author":[{"embeddable":true,"href":"https:\/\/tropicalgardenhouse.com\/de\/wp-json\/wp\/v2\/users\/1"}],"replies":[{"embeddable":true,"href":"https:\/\/tropicalgardenhouse.com\/de\/wp-json\/wp\/v2\/comments?post=226"}],"version-history":[{"count":2,"href":"https:\/\/tropicalgardenhouse.com\/de\/wp-json\/wp\/v2\/pages\/226\/revisions"}],"predecessor-version":[{"id":251,"href":"https:\/\/tropicalgardenhouse.com\/de\/wp-json\/wp\/v2\/pages\/226\/revisions\/251"}],"wp:attachment":[{"href":"https:\/\/tropicalgardenhouse.com\/de\/wp-json\/wp\/v2\/media?parent=226"}],"curies":[{"name":"wp","href":"https:\/\/api.w.org\/{rel}","templated":true}]}}