{"id":231,"date":"2020-01-22T13:55:16","date_gmt":"2020-01-22T12:55:16","guid":{"rendered":"https:\/\/tropicalgardenhouse.com\/cookies\/"},"modified":"2020-02-21T13:15:43","modified_gmt":"2020-02-21T12:15:43","slug":"cookies","status":"publish","type":"page","link":"https:\/\/tropicalgardenhouse.com\/sk\/cookies\/","title":{"rendered":"Cookies"},"content":{"rendered":"<p><strong>Z\u00e1sady pou\u017e\u00edvanie cookies<\/strong><\/p>\n<p>Tieto z\u00e1sady sl\u00fa\u017eia na informovanie n\u00e1v\u0161tevn\u00edkov webu o charaktere a sp\u00f4soboch pou\u017e\u00edvania s\u00faborov cookies.<\/p>\n<p><strong>\u010co s\u00fa to cookies?<\/strong><\/p>\n<p>Web residencepostovni.cz k svojmu fungovaniu vyu\u017e\u00edva s\u00fabory cookies. Cookies s\u00fa mal\u00e9 s\u00fabory, ktor\u00e9 jednotliv\u00e9 webov\u00e9 str\u00e1nky, a medzi nimi aj residencetriangel.cz, ukladaj\u00fa priamo do V\u00e1\u0161ho zariadenia pre odl\u00ed\u0161enie Va\u0161ich aktiv\u00edt vykon\u00e1van\u00fdch na webov\u00fdch str\u00e1nkach od aktiv\u00edt in\u00fdch pou\u017e\u00edvate\u013eov.<\/p>\n<p><strong>Na \u010do s\u00fa cookies vyu\u017e\u00edvan\u00e9?<\/strong><\/p>\n<p>Pre spr\u00e1vne zobrazenie a funk\u010dnos\u0165 str\u00e1nky, najm\u00e4 pre ulo\u017eenie Va\u0161ich preferenci\u00ed. Z\u00e1rove\u0148 str\u00e1nky sl\u00fa\u017ei pre anal\u00fdzu n\u00e1v\u0161tevnosti na\u0161ich str\u00e1nok a umo\u017e\u0148uj\u00fa n\u00e1m tak do bud\u00facnosti vytv\u00e1ra\u0165 obsah a str\u00e1nky tak, aby sa V\u00e1m na nich pohodlne pracovalo. V r\u00e1mci anal\u00fdzy cookies tie\u017e sl\u00fa\u017ei k tzv. konverzn\u00e9mu meraniu, teda k meraniu v\u00fdkonnosti predajn\u00fdch kan\u00e1lov cez zaznamen\u00e1vanie jednotliv\u00fdch konverzn\u00fdch akci\u00ed (napr. Vyplnenie formul\u00e1ra). Cookies tie\u017e sl\u00fa\u017ei k zlep\u0161eniu cielenej reklamy a marketingu.<\/p>\n<p><strong>Spr\u00edstupnenie a \u010fal\u0161ie spracovanie s\u00faborov cookies<\/strong><\/p>\n<p>Cookies s\u00fa \u010falej spracovan\u00e9 v syst\u00e9moch <a href=\"http:\/\/www.google.com\/intl\/sk\/policies\/technologies\/ads\/\">AdWords<\/a> (pre marketingov\u00e9 \u00fa\u010dely),\u00a0<a href=\"https:\/\/napoveda.sklik.cz\/\">Sklik<\/a> (pre marketingov\u00e9 \u00fa\u010dely),\u00a0<a href=\"https:\/\/developers.google.com\/analytics\/devguides\/collection\/analyticsjs\/cookie-usage\">Google Analytics<\/a> (za \u00fa\u010delom merania a anal\u00fdzy n\u00e1v\u0161tevnosti str\u00e1nok) a <a href=\"https:\/\/www.facebook.com\/help\/cookies\/\">Facebook<\/a>\u00a0(pre marketingov\u00e9 \u00fa\u010dely).<strong>\u00a0<\/strong><\/p>\n<p><strong>Ako m\u00f4\u017eem zmeni\u0165 svoje preferencie oh\u013eadom cookies?<\/strong><\/p>\n<p>To, \u010di s\u00fa s\u00fabory cookies do V\u00e1\u0161ho zariadenia ukladan\u00e9, je ur\u010den\u00e9 vo Va\u0161om nastaven\u00ed prehliada\u010da. Toto nastavenie je, v s\u00falade so stanoviskom \u00daradu pre ochranu osobn\u00fdch \u00fadajov, pova\u017eovan\u00e9 za s\u00fahlas so spracovan\u00edm osobn\u00fdch \u00fadajov.<\/p>\n<p>Ak chcete obmedzi\u0165 alebo zablokova\u0165 pou\u017e\u00edvanie s\u00faborov cookies, pros\u00edm vyu\u017eite nastavenie svojho prehliada\u010da. Podrobn\u00e9 inform\u00e1cie o mo\u017enostiach a sp\u00f4sobe nastavenia najbe\u017enej\u0161\u00edch prehliada\u010dov n\u00e1jdete na ni\u017e\u0161ie uveden\u00fdch odkazoch:<\/p>\n<ul>\n<li><a href=\"https:\/\/support.google.com\/accounts\/answer\/61416?hl=sk\">Chrome<\/a><\/li>\n<li><a href=\"https:\/\/support.mozilla.org\/en-US\/kb\/cookies-information-websites-store-on-your-computer\">Firefox\u00a0<\/a><\/li>\n<li><a href=\"https:\/\/support.microsoft.com\/en-us\/help\/260971\/description-of-cookies\">Internet Explorer<\/a><\/li>\n<\/ul>\n<p>Alebo m\u00f4\u017eete vyu\u017ei\u0165 n\u00e1stroj pre spr\u00e1vu s\u00faborov cookie, ktor\u00fd je k dispoz\u00edcii na str\u00e1nkach <a href=\"http:\/\/www.youronlinechoices.com\/sk\/\">http:\/\/www.youronlinechoices.com\/sk\/<\/a>.<\/p>\n<p><strong>Na koho sa m\u00f4\u017eem obr\u00e1ti\u0165, v pr\u00edpade ot\u00e1zok?<\/strong><\/p>\n<p>V pr\u00edpade ot\u00e1zok oh\u013eadom pou\u017e\u00edvania s\u00faborov cookies \u010di v\u0161eobecne oh\u013eadom ochrany osobn\u00fdch \u00fadajov v na\u0161ej spolo\u010dnosti n\u00e1s pros\u00edm kontaktujte emailom na <a href=\"mailto:vitek.martin@yahoo.com\">vitek.martin@yahoo.com<\/a> alebo n\u00e1m nap\u00ed\u0161te na t\u00fato adresu:<\/p>\n<p>Beta Property I, LLC<\/p>\n<p>837 W Dakin St., Chicago, IL 60613<\/p>\n","protected":false},"excerpt":{"rendered":"<p>Z\u00e1sady pou\u017e\u00edvanie cookies Tieto z\u00e1sady sl\u00fa\u017eia na informovanie n\u00e1v\u0161tevn\u00edkov webu o charaktere a sp\u00f4soboch pou\u017e\u00edvania s\u00faborov cookies. \u010co s\u00fa to cookies? Web residencepostovni.cz k svojmu fungovaniu vyu\u017e\u00edva s\u00fabory cookies. Cookies s\u00fa mal\u00e9 s\u00fabory, ktor\u00e9 jednotliv\u00e9 webov\u00e9 str\u00e1nky, a medzi nimi aj residencetriangel.cz, ukladaj\u00fa priamo do V\u00e1\u0161ho zariadenia pre odl\u00ed\u0161enie Va\u0161ich aktiv\u00edt vykon\u00e1van\u00fdch na webov\u00fdch str\u00e1nkach [&hellip;]<\/p>\n","protected":false},"author":3,"featured_media":0,"parent":0,"menu_order":0,"comment_status":"closed","ping_status":"closed","template":"","meta":{"_acf_changed":false,"footnotes":""},"class_list":["post-231","page","type-page","status-publish","hentry"],"acf":[],"yoast_head":"<!-- This site is optimized with the Yoast SEO plugin v27.4 - https:\/\/yoast.com\/product\/yoast-seo-wordpress\/ -->\n<title>Cookies - Tropical Garden House<\/title>\n<meta name=\"robots\" content=\"index, follow, max-snippet:-1, max-image-preview:large, max-video-preview:-1\" \/>\n<link rel=\"canonical\" href=\"https:\/\/tropicalgardenhouse.com\/sk\/cookies\/\" \/>\n<meta property=\"og:locale\" content=\"sk_SK\" \/>\n<meta property=\"og:type\" content=\"article\" \/>\n<meta property=\"og:title\" content=\"Cookies - Tropical Garden House\" \/>\n<meta property=\"og:description\" content=\"Z\u00e1sady pou\u017e\u00edvanie cookies Tieto z\u00e1sady sl\u00fa\u017eia na informovanie n\u00e1v\u0161tevn\u00edkov webu o charaktere a sp\u00f4soboch pou\u017e\u00edvania s\u00faborov cookies. \u010co s\u00fa to cookies? Web residencepostovni.cz k svojmu fungovaniu vyu\u017e\u00edva s\u00fabory cookies. Cookies s\u00fa mal\u00e9 s\u00fabory, ktor\u00e9 jednotliv\u00e9 webov\u00e9 str\u00e1nky, a medzi nimi aj residencetriangel.cz, ukladaj\u00fa priamo do V\u00e1\u0161ho zariadenia pre odl\u00ed\u0161enie Va\u0161ich aktiv\u00edt vykon\u00e1van\u00fdch na webov\u00fdch str\u00e1nkach [&hellip;]\" \/>\n<meta property=\"og:url\" content=\"https:\/\/tropicalgardenhouse.com\/sk\/cookies\/\" \/>\n<meta property=\"og:site_name\" content=\"Tropical Garden House\" \/>\n<meta property=\"article:modified_time\" content=\"2020-02-21T12:15:43+00:00\" \/>\n<meta name=\"twitter:card\" content=\"summary_large_image\" \/>\n<meta name=\"twitter:label1\" content=\"Predpokladan\u00fd \u010das \u010d\u00edtania\" \/>\n\t<meta name=\"twitter:data1\" content=\"2 min\u00faty\" \/>\n<script type=\"application\/ld+json\" class=\"yoast-schema-graph\">{\"@context\":\"https:\\\/\\\/schema.org\",\"@graph\":[{\"@type\":\"WebPage\",\"@id\":\"https:\\\/\\\/tropicalgardenhouse.com\\\/sk\\\/cookies\\\/\",\"url\":\"https:\\\/\\\/tropicalgardenhouse.com\\\/sk\\\/cookies\\\/\",\"name\":\"Cookies - Tropical Garden House\",\"isPartOf\":{\"@id\":\"https:\\\/\\\/tropicalgardenhouse.com\\\/#website\"},\"datePublished\":\"2020-01-22T12:55:16+00:00\",\"dateModified\":\"2020-02-21T12:15:43+00:00\",\"breadcrumb\":{\"@id\":\"https:\\\/\\\/tropicalgardenhouse.com\\\/sk\\\/cookies\\\/#breadcrumb\"},\"inLanguage\":\"sk-SK\",\"potentialAction\":[{\"@type\":\"ReadAction\",\"target\":[\"https:\\\/\\\/tropicalgardenhouse.com\\\/sk\\\/cookies\\\/\"]}]},{\"@type\":\"BreadcrumbList\",\"@id\":\"https:\\\/\\\/tropicalgardenhouse.com\\\/sk\\\/cookies\\\/#breadcrumb\",\"itemListElement\":[{\"@type\":\"ListItem\",\"position\":1,\"name\":\"Dom\u016f\",\"item\":\"https:\\\/\\\/tropicalgardenhouse.com\\\/sk\\\/\"},{\"@type\":\"ListItem\",\"position\":2,\"name\":\"Cookies\"}]},{\"@type\":\"WebSite\",\"@id\":\"https:\\\/\\\/tropicalgardenhouse.com\\\/#website\",\"url\":\"https:\\\/\\\/tropicalgardenhouse.com\\\/\",\"name\":\"Tropical Garden House\",\"description\":\"\",\"potentialAction\":[{\"@type\":\"SearchAction\",\"target\":{\"@type\":\"EntryPoint\",\"urlTemplate\":\"https:\\\/\\\/tropicalgardenhouse.com\\\/?s={search_term_string}\"},\"query-input\":{\"@type\":\"PropertyValueSpecification\",\"valueRequired\":true,\"valueName\":\"search_term_string\"}}],\"inLanguage\":\"sk-SK\"}]}<\/script>\n<!-- \/ Yoast SEO plugin. -->","yoast_head_json":{"title":"Cookies - Tropical Garden House","robots":{"index":"index","follow":"follow","max-snippet":"max-snippet:-1","max-image-preview":"max-image-preview:large","max-video-preview":"max-video-preview:-1"},"canonical":"https:\/\/tropicalgardenhouse.com\/sk\/cookies\/","og_locale":"sk_SK","og_type":"article","og_title":"Cookies - Tropical Garden House","og_description":"Z\u00e1sady pou\u017e\u00edvanie cookies Tieto z\u00e1sady sl\u00fa\u017eia na informovanie n\u00e1v\u0161tevn\u00edkov webu o charaktere a sp\u00f4soboch pou\u017e\u00edvania s\u00faborov cookies. \u010co s\u00fa to cookies? Web residencepostovni.cz k svojmu fungovaniu vyu\u017e\u00edva s\u00fabory cookies. Cookies s\u00fa mal\u00e9 s\u00fabory, ktor\u00e9 jednotliv\u00e9 webov\u00e9 str\u00e1nky, a medzi nimi aj residencetriangel.cz, ukladaj\u00fa priamo do V\u00e1\u0161ho zariadenia pre odl\u00ed\u0161enie Va\u0161ich aktiv\u00edt vykon\u00e1van\u00fdch na webov\u00fdch str\u00e1nkach [&hellip;]","og_url":"https:\/\/tropicalgardenhouse.com\/sk\/cookies\/","og_site_name":"Tropical Garden House","article_modified_time":"2020-02-21T12:15:43+00:00","twitter_card":"summary_large_image","twitter_misc":{"Predpokladan\u00fd \u010das \u010d\u00edtania":"2 min\u00faty"},"schema":{"@context":"https:\/\/schema.org","@graph":[{"@type":"WebPage","@id":"https:\/\/tropicalgardenhouse.com\/sk\/cookies\/","url":"https:\/\/tropicalgardenhouse.com\/sk\/cookies\/","name":"Cookies - Tropical Garden House","isPartOf":{"@id":"https:\/\/tropicalgardenhouse.com\/#website"},"datePublished":"2020-01-22T12:55:16+00:00","dateModified":"2020-02-21T12:15:43+00:00","breadcrumb":{"@id":"https:\/\/tropicalgardenhouse.com\/sk\/cookies\/#breadcrumb"},"inLanguage":"sk-SK","potentialAction":[{"@type":"ReadAction","target":["https:\/\/tropicalgardenhouse.com\/sk\/cookies\/"]}]},{"@type":"BreadcrumbList","@id":"https:\/\/tropicalgardenhouse.com\/sk\/cookies\/#breadcrumb","itemListElement":[{"@type":"ListItem","position":1,"name":"Dom\u016f","item":"https:\/\/tropicalgardenhouse.com\/sk\/"},{"@type":"ListItem","position":2,"name":"Cookies"}]},{"@type":"WebSite","@id":"https:\/\/tropicalgardenhouse.com\/#website","url":"https:\/\/tropicalgardenhouse.com\/","name":"Tropical Garden House","description":"","potentialAction":[{"@type":"SearchAction","target":{"@type":"EntryPoint","urlTemplate":"https:\/\/tropicalgardenhouse.com\/?s={search_term_string}"},"query-input":{"@type":"PropertyValueSpecification","valueRequired":true,"valueName":"search_term_string"}}],"inLanguage":"sk-SK"}]}},"_links":{"self":[{"href":"https:\/\/tropicalgardenhouse.com\/sk\/wp-json\/wp\/v2\/pages\/231","targetHints":{"allow":["GET"]}}],"collection":[{"href":"https:\/\/tropicalgardenhouse.com\/sk\/wp-json\/wp\/v2\/pages"}],"about":[{"href":"https:\/\/tropicalgardenhouse.com\/sk\/wp-json\/wp\/v2\/types\/page"}],"author":[{"embeddable":true,"href":"https:\/\/tropicalgardenhouse.com\/sk\/wp-json\/wp\/v2\/users\/3"}],"replies":[{"embeddable":true,"href":"https:\/\/tropicalgardenhouse.com\/sk\/wp-json\/wp\/v2\/comments?post=231"}],"version-history":[{"count":2,"href":"https:\/\/tropicalgardenhouse.com\/sk\/wp-json\/wp\/v2\/pages\/231\/revisions"}],"predecessor-version":[{"id":247,"href":"https:\/\/tropicalgardenhouse.com\/sk\/wp-json\/wp\/v2\/pages\/231\/revisions\/247"}],"wp:attachment":[{"href":"https:\/\/tropicalgardenhouse.com\/sk\/wp-json\/wp\/v2\/media?parent=231"}],"curies":[{"name":"wp","href":"https:\/\/api.w.org\/{rel}","templated":true}]}}